{"id":6527,"date":"2024-01-24T10:43:07","date_gmt":"2024-01-24T09:43:07","guid":{"rendered":"https:\/\/diligentia.it\/register\/"},"modified":"2024-01-24T10:43:07","modified_gmt":"2024-01-24T09:43:07","slug":"register","status":"publish","type":"page","link":"https:\/\/diligentia.it\/en\/register\/","title":{"rendered":"Register"},"content":{"rendered":"\n<div class=\"um um-register um-6136\">\n\t<div class=\"um-form\" data-mode=\"register\">\n\t\t<form method=\"post\" action=\"\">\n\t\t\t<div class=\"um-row _um_row_1 \" style=\"margin: 0 0 30px 0;\"><div class=\"um-col-1\"><div  id=\"um_field_6136_first_name\" class=\"um-field um-field-text  um-field-first_name um-field-text um-field-type_text\" data-key=\"first_name\"><div class=\"um-field-label\"><div class=\"um-field-label-icon\"><i class=\"um-icon-android-person\" aria-label=\"First Name\"><\/i><\/div><label for=\"first_name-6136\">First Name<\/label><div class=\"um-clear\"><\/div><\/div><div class=\"um-field-area\"><input  autocomplete=\"off\" class=\"um-form-field valid \" type=\"text\" name=\"first_name-6136\" id=\"first_name-6136\" value=\"\" placeholder=\"Davide\" data-validate=\"\" data-key=\"first_name\"  aria-invalid=\"false\" \/>\n\n\t\t\t\t\t\t<\/div><\/div><div  id=\"um_field_6136_last_name\" class=\"um-field um-field-text  um-field-last_name um-field-text um-field-type_text\" data-key=\"last_name\"><div class=\"um-field-label\"><div class=\"um-field-label-icon\"><i class=\"um-icon-android-person\" aria-label=\"Last Name\"><\/i><\/div><label for=\"last_name-6136\">Last Name<\/label><div class=\"um-clear\"><\/div><\/div><div class=\"um-field-area\"><input  autocomplete=\"off\" class=\"um-form-field valid not-required \" type=\"text\" name=\"last_name-6136\" id=\"last_name-6136\" value=\"\" placeholder=\"Rossi\" data-validate=\"\" data-key=\"last_name\"  aria-invalid=\"false\" \/>\n\n\t\t\t\t\t\t<\/div><\/div><div  id=\"um_field_6136_user_email\" class=\"um-field um-field-text  um-field-user_email um-field-text um-field-type_text\" data-key=\"user_email\"><div class=\"um-field-label\"><div class=\"um-field-label-icon\"><i class=\"um-icon-android-mail\" aria-label=\"E-mail Address\"><\/i><\/div><label for=\"user_email-6136\">E-mail Address<\/label><div class=\"um-clear\"><\/div><\/div><div class=\"um-field-area\"><input  autocomplete=\"off\" class=\"um-form-field valid not-required \" type=\"text\" name=\"user_email-6136\" id=\"user_email-6136\" value=\"\" placeholder=\"daviderossi@email.com\" data-validate=\"unique_email\" data-key=\"user_email\"  aria-invalid=\"false\" \/>\n\n\t\t\t\t\t\t<\/div><\/div><div  id=\"um_field_6136_azienda\" class=\"um-field um-field-text  um-field-azienda um-field-text um-field-type_text\" data-key=\"azienda\"><div class=\"um-field-label\"><div class=\"um-field-label-icon\"><i class=\"um-faicon-building\" aria-label=\"Azienda\"><\/i><\/div><label for=\"azienda-6136\">Azienda<\/label><div class=\"um-clear\"><\/div><\/div><div class=\"um-field-area\"><input  autocomplete=\"off\" class=\"um-form-field valid not-required \" type=\"text\" name=\"azienda-6136\" id=\"azienda-6136\" value=\"\" placeholder=\"\" data-validate=\"\" data-key=\"azienda\"  aria-invalid=\"false\" \/>\n\n\t\t\t\t\t\t<\/div><\/div><div  id=\"um_field_6136_Ruolo_Qualifica\" class=\"um-field um-field-text  um-field-Ruolo_Qualifica um-field-text um-field-type_text\" data-key=\"Ruolo_Qualifica\"><div class=\"um-field-label\"><div class=\"um-field-label-icon\"><i class=\"um-icon-university\" aria-label=\"Ruolo\/Qualifica\"><\/i><\/div><label for=\"Ruolo_Qualifica-6136\">Ruolo\/Qualifica<\/label><span class=\"um-tip um-tip-w\" title=\"Ruolo all&#039;interno dell&#039;Azienda\"><i class=\"um-icon-help-circled\"><\/i><\/span><div class=\"um-clear\"><\/div><\/div><div class=\"um-field-area\"><input  autocomplete=\"off\" class=\"um-form-field valid \" type=\"text\" name=\"Ruolo_Qualifica-6136\" id=\"Ruolo_Qualifica-6136\" value=\"\" placeholder=\"CEO-Dirigente-Impiegato\" data-validate=\"\" data-key=\"Ruolo_Qualifica\"  aria-invalid=\"false\" \/>\n\n\t\t\t\t\t\t<\/div><\/div><div  id=\"um_field_6136_user_password\" class=\"um-field um-field-password  um-field-user_password um-field-password um-field-type_password\" data-key=\"user_password\"><div class=\"um-field-label\"><div class=\"um-field-label-icon\"><i class=\"um-icon-key\" aria-label=\"Password\"><\/i><\/div><label for=\"user_password-6136\">Password<\/label><div class=\"um-clear\"><\/div><\/div><div class=\"um-field-area\"><div class=\"um-field-area-password\">\n\t\t\t\t\t\t\t\t\t<input class=\"um-form-field valid \" type=\"password\" name=\"user_password-6136\" id=\"user_password-6136\" value=\"\" placeholder=\"\" data-validate=\"\" data-key=\"user_password\"  aria-invalid=\"false\" \/>\n\t\t\t\t\t\t\t\t\t<span class=\"um-toggle-password\"><i class=\"um-icon-eye\"><\/i><\/span>\n\t\t\t\t\t\t\t\t<\/div>\n\t\t\t\t\t\t\t<\/div><\/div><div  id=\"um_field_6136_confirm_user_password\" class=\"um-field um-field-password  um-field-user_password um-field-password um-field-type_password\" data-key=\"confirm_user_password\"><div class=\"um-field-label\"><div class=\"um-field-label-icon\"><i class=\"um-icon-key\" aria-label=\"Confirm Password\"><\/i><\/div><label for=\"confirm_user_password-6136\">Confirm Password<\/label><div class=\"um-clear\"><\/div><\/div><div class=\"um-field-area\"><div class=\"um-field-area-password\"><input class=\"um-form-field valid \" type=\"password\" name=\"confirm_user_password-6136\" id=\"confirm_user_password-6136\" value=\"\" placeholder=\"Confirm Password\" data-validate=\"\" data-key=\"confirm_user_password\"  aria-invalid=\"false\" \/><span class=\"um-toggle-password\"><i class=\"um-icon-eye\"><\/i><\/span><\/div><\/div><\/div><div  id=\"um_field_6136_Privacy_Policy\" class=\"um-field um-field-checkbox  um-field-Privacy_Policy um-field-checkbox um-field-type_checkbox\" data-key=\"Privacy_Policy\"  aria-invalid=\"false\" ><div class=\"um-field-label\"><label for=\"Privacy_Policy-6136\">Privacy Policy<\/label><span class=\"um-tip um-tip-w\" title=\"Autorizzo, barrando la precedente casella , al trattamento da parte dell\u2019Associazione Diligentia ETS dei Dati di contatto (informazioni relative al nome,cognome ,indirizzo email e azienda) per finalit\u00e0 di marketing e comunicazione pubblicitaria, su iniziative promozionali di vendita, realizzate mediante modalit\u00e0 automatizzate di contatto (posta elettronica) ovvero per ricerche di mercato e indagini statistiche.\"><i class=\"um-icon-help-circled\"><\/i><\/span><div class=\"um-clear\"><\/div><\/div><div class=\"um-field-area\"><label class=\"um-field-checkbox  um-field-half \"><input   type=\"checkbox\" name=\"Privacy_Policy[]\" value=\"Privacy Policy\"  \/><span class=\"um-field-checkbox-state\"><i class=\"um-icon-android-checkbox-outline-blank\"><\/i><\/span><span class=\"um-field-checkbox-option\">Privacy Policy<\/span><\/label><div class=\"um-clear\"><\/div><\/div><\/div><div  id=\"um_field_6136_Marketing\" class=\"um-field um-field-checkbox  um-field-Marketing um-field-checkbox um-field-type_checkbox\" data-key=\"Marketing\"  aria-invalid=\"false\" ><div class=\"um-field-label\"><label for=\"Marketing-6136\">Polithche Marketing<\/label><span class=\"um-tip um-tip-w\" title=\"Autorizzo l\u2019Associazione Diligentia ETS , al trattamento dei miei Dati di contatto (informazioni relative al nome, cognome, indirizzo email), degli interessi (informazioni relative ai miei interessi, compreso i prodotti cui sono interessato) e Altri dati personali , i Dati relativi al Social Log e Dati relativi all\u2019Utilizzo del Sito, al fine di ricevere proposte commerciali in linea con le mie preferenze sulla base dell\u2019analisi delle mie abitudini e scelte di acquisto attraverso la creazione di un mio profilo individuale.\"><i class=\"um-icon-help-circled\"><\/i><\/span><div class=\"um-clear\"><\/div><\/div><div class=\"um-field-area\"><label class=\"um-field-checkbox  um-field-half \"><input   type=\"checkbox\" name=\"Marketing[]\" value=\"Polithche Marketing\"  \/><span class=\"um-field-checkbox-state\"><i class=\"um-icon-android-checkbox-outline-blank\"><\/i><\/span><span class=\"um-field-checkbox-option\">Polithche Marketing<\/span><\/label><div class=\"um-clear\"><\/div><\/div><\/div><div  id=\"um_field_6136_Prodotti_e_servizi_terzi\" class=\"um-field um-field-checkbox  um-field-Prodotti_e_servizi_terzi um-field-checkbox um-field-type_checkbox\" data-key=\"Prodotti_e_servizi_terzi\"  aria-invalid=\"false\" ><div class=\"um-field-label\"><label for=\"Prodotti_e_servizi_terzi-6136\">Prodotti e servizi terzi<\/label><span class=\"um-tip um-tip-w\" title=\"Autorizzo l\u2019Associazione Diligentia ETS, al trattamento dei miei Dati di contatto (informazioni relative al nome, cognome, indirizzo email) per attivit\u00e0 di marketing su prodotti e servizi di societ\u00e0 di terzi (per tematiche relative alla sostenibilit\u00e0 e al sistema qualit\u00e0 e del no profit), realizzate mediante modalit\u00e0 automatizzate di contatto (posta elettronica) per ricerche di mercato e indagini statistiche.\"><i class=\"um-icon-help-circled\"><\/i><\/span><div class=\"um-clear\"><\/div><\/div><div class=\"um-field-area\"><label class=\"um-field-checkbox  um-field-half \"><input   type=\"checkbox\" name=\"Prodotti_e_servizi_terzi[]\" value=\"Prodotti e Servizi Terzi\"  \/><span class=\"um-field-checkbox-state\"><i class=\"um-icon-android-checkbox-outline-blank\"><\/i><\/span><span class=\"um-field-checkbox-option\">Prodotti e Servizi Terzi<\/span><\/label><div class=\"um-clear\"><\/div><\/div><\/div><div  class=\"um-field um-field-block  um-is-conditional um-field-block um-field-type_block\" data-key=\"um_block_6136_10\" data-cond-0-action=\"show\" data-cond-0-field=\"Prodotti_e_servizi_terzi\" data-cond-0-operator=\"not empty\" data-cond-0-value=\"\">\"<strong>Registrandoti su My Diligentia, autorizzi la ricezione della nostra Newsletter.<\/strong>\"<\/div><\/div><\/div>\t<input type=\"hidden\" name=\"form_id\" id=\"form_id_6136\" value=\"6136\" \/>\n\t\t<p class=\"um_request_name\">\n\t\t<label for=\"um_request_6136\">Only fill in if you are not human<\/label>\n\t\t<input type=\"hidden\" name=\"um_request\" id=\"um_request_6136\" class=\"input\" value=\"\" size=\"25\" autocomplete=\"off\" \/>\n\t<\/p>\n\t<input type=\"hidden\" id=\"_wpnonce\" name=\"_wpnonce\" value=\"824c7fb087\" \/><input type=\"hidden\" name=\"_wp_http_referer\" value=\"\/en\/wp-json\/wp\/v2\/pages\/6527\" \/>\n<div class=\"g-recaptcha\" id=\"um-6136\" data-mode=\"register\"><\/div>\n\n\n\t<div class=\"um-col-alt\">\n\n\t\t\n\t\t\t<div class=\"um-left um-half\">\n\t\t\t\t<input type=\"submit\" value=\"Register\" class=\"um-button\" id=\"um-submit-btn\" \/>\n\t\t\t<\/div>\n\t\t\t<div class=\"um-right um-half\">\n\t\t\t\t<a href=\"https:\/\/diligentia.it\/en\/login\/\" class=\"um-button um-alt\">\n\t\t\t\t\tLogin\t\t\t\t<\/a>\n\t\t\t<\/div>\n\n\t\t\n\t\t<div class=\"um-clear\"><\/div>\n\n\t<\/div>\n\n\t\t\t<\/form>\n\t<\/div>\n<\/div>\n<style>\n\t\t\t.um-6136.um {\n\t\t\tmax-width: 450px;\n\t\t}\n\t\t<\/style>\n\n","protected":false},"excerpt":{"rendered":"","protected":false},"author":33,"featured_media":0,"parent":0,"menu_order":0,"comment_status":"closed","ping_status":"closed","template":"","meta":{"footnotes":""},"_links":{"self":[{"href":"https:\/\/diligentia.it\/en\/wp-json\/wp\/v2\/pages\/6527"}],"collection":[{"href":"https:\/\/diligentia.it\/en\/wp-json\/wp\/v2\/pages"}],"about":[{"href":"https:\/\/diligentia.it\/en\/wp-json\/wp\/v2\/types\/page"}],"author":[{"embeddable":true,"href":"https:\/\/diligentia.it\/en\/wp-json\/wp\/v2\/users\/33"}],"replies":[{"embeddable":true,"href":"https:\/\/diligentia.it\/en\/wp-json\/wp\/v2\/comments?post=6527"}],"version-history":[{"count":0,"href":"https:\/\/diligentia.it\/en\/wp-json\/wp\/v2\/pages\/6527\/revisions"}],"wp:attachment":[{"href":"https:\/\/diligentia.it\/en\/wp-json\/wp\/v2\/media?parent=6527"}],"curies":[{"name":"wp","href":"https:\/\/api.w.org\/{rel}","templated":true}]}}